{"id":1502,"date":"2021-11-04T11:45:08","date_gmt":"2021-11-04T11:45:08","guid":{"rendered":"https:\/\/foxiz.themeruby.com\/default\/?page_id=1481"},"modified":"2026-03-19T04:16:11","modified_gmt":"2026-03-19T04:16:11","slug":"contact","status":"publish","type":"page","link":"https:\/\/radiostavanger.no\/?page_id=1502","title":{"rendered":"Kontakt"},"content":{"rendered":"\t\t<div data-elementor-type=\"wp-page\" data-elementor-id=\"1502\" class=\"elementor elementor-1502\">\n\t\t\t\t\t\t<section class=\"elementor-section elementor-top-section elementor-element elementor-element-caffc90 elementor-section-boxed elementor-section-height-default elementor-section-height-default\" data-id=\"caffc90\" data-element_type=\"section\" data-e-type=\"section\">\n\t\t\t\t\t\t<div class=\"elementor-container elementor-column-gap-custom\">\n\t\t\t\t\t<div class=\"elementor-column elementor-col-100 elementor-top-column elementor-element elementor-element-93fc17a\" data-id=\"93fc17a\" data-element_type=\"column\" data-e-type=\"column\">\n\t\t\t<div class=\"elementor-widget-wrap elementor-element-populated\">\n\t\t\t\t\t\t<div class=\"elementor-element elementor-element-c186811 elementor-widget elementor-widget-foxiz-heading\" data-id=\"c186811\" data-element_type=\"widget\" data-e-type=\"widget\" data-widget_type=\"foxiz-heading.default\">\n\t\t\t\t<div class=\"elementor-widget-container\">\n\t\t\t\t\t<div id=\"uid_c186811\" class=\"block-h heading-layout-c10\"><div class=\"heading-inner\"><h3 class=\"heading-title\"><span>Kontakt<\/span><\/h3><\/div><\/div>\t\t\t\t<\/div>\n\t\t\t\t<\/div>\n\t\t\t\t<div class=\"elementor-element elementor-element-25c3c22 elementor-widget elementor-widget-foxiz-heading\" data-id=\"25c3c22\" data-element_type=\"widget\" data-e-type=\"widget\" data-widget_type=\"foxiz-heading.default\">\n\t\t\t\t<div class=\"elementor-widget-container\">\n\t\t\t\t\t<div id=\"uid_25c3c22\" class=\"block-h heading-layout-c10\"><div class=\"heading-inner\"><h1 class=\"heading-title\"><span>Kontakt Oss<\/span><\/h1><\/div><\/div>\t\t\t\t<\/div>\n\t\t\t\t<\/div>\n\t\t\t\t<div class=\"elementor-element elementor-element-139a109 elementor-widget elementor-widget-image\" data-id=\"139a109\" data-element_type=\"widget\" data-e-type=\"widget\" data-widget_type=\"image.default\">\n\t\t\t\t\t\t\t\t\t\t\t\t\t\t\t\t<a href=\"https:\/\/www.google.com\/maps\/@40.6315416,-75.3576829,18z\" target=\"_blank\" rel=\"nofollow\">\n\t\t\t\t\t\t\t<img decoding=\"async\" src=\"https:\/\/foxiz.themeruby.com\/default\/wp-content\/uploads\/sites\/2\/2021\/11\/map.png\" title=\"\" alt=\"\" loading=\"lazy\" \/>\t\t\t\t\t\t\t\t<\/a>\n\t\t\t\t\t\t\t\t\t\t\t\t\t\t\t<\/div>\n\t\t\t\t<div class=\"elementor-element elementor-element-4416657 elementor-widget elementor-widget-shortcode\" data-id=\"4416657\" data-element_type=\"widget\" data-e-type=\"widget\" data-widget_type=\"shortcode.default\">\n\t\t\t\t\t\t\t<div class=\"elementor-shortcode\">\n<div class=\"wpcf7 no-js\" id=\"wpcf7-f14-o1\" lang=\"nb-NO\" dir=\"ltr\" data-wpcf7-id=\"14\">\n<div class=\"screen-reader-response\"><p role=\"status\" aria-live=\"polite\" aria-atomic=\"true\"><\/p> <ul><\/ul><\/div>\n<form action=\"\/index.php?rest_route=%2Fwp%2Fv2%2Fpages%2F1502#wpcf7-f14-o1\" method=\"post\" class=\"wpcf7-form init\" aria-label=\"Kontaktskjema\" novalidate=\"novalidate\" data-status=\"init\">\n<fieldset class=\"hidden-fields-container\"><input type=\"hidden\" name=\"_wpcf7\" value=\"14\" \/><input type=\"hidden\" name=\"_wpcf7_version\" value=\"6.1.5\" \/><input type=\"hidden\" name=\"_wpcf7_locale\" value=\"nb_NO\" \/><input type=\"hidden\" name=\"_wpcf7_unit_tag\" value=\"wpcf7-f14-o1\" \/><input type=\"hidden\" name=\"_wpcf7_container_post\" value=\"0\" \/><input type=\"hidden\" name=\"_wpcf7_posted_data_hash\" value=\"\" \/>\n<\/fieldset>\n<label> Ditt navn\n    <span class=\"wpcf7-form-control-wrap\" data-name=\"your-name\"><input size=\"40\" maxlength=\"400\" class=\"wpcf7-form-control wpcf7-text wpcf7-validates-as-required\" autocomplete=\"name\" aria-required=\"true\" aria-invalid=\"false\" value=\"\" type=\"text\" name=\"your-name\" \/><\/span> <\/label>\n\n<label> Din e-post\n    <span class=\"wpcf7-form-control-wrap\" data-name=\"your-email\"><input size=\"40\" maxlength=\"400\" class=\"wpcf7-form-control wpcf7-email wpcf7-validates-as-required wpcf7-text wpcf7-validates-as-email\" autocomplete=\"email\" aria-required=\"true\" aria-invalid=\"false\" value=\"\" type=\"email\" name=\"your-email\" \/><\/span> <\/label>\n\n<label> Emne\n    <span class=\"wpcf7-form-control-wrap\" data-name=\"your-subject\"><input size=\"40\" maxlength=\"400\" class=\"wpcf7-form-control wpcf7-text wpcf7-validates-as-required\" aria-required=\"true\" aria-invalid=\"false\" value=\"\" type=\"text\" name=\"your-subject\" \/><\/span> <\/label>\n\n<label> Din melding (frivillig)\n    <span class=\"wpcf7-form-control-wrap\" data-name=\"your-message\"><textarea cols=\"40\" rows=\"10\" maxlength=\"2000\" class=\"wpcf7-form-control wpcf7-textarea\" aria-invalid=\"false\" name=\"your-message\"><\/textarea><\/span> <\/label>\n\n<input class=\"wpcf7-form-control wpcf7-submit has-spinner\" type=\"submit\" value=\"Send inn\" \/><div class=\"wpcf7-response-output\" aria-hidden=\"true\"><\/div>\n<\/form>\n<\/div>\n<\/div>\n\t\t\t\t\t\t<\/div>\n\t\t\t\t\t<\/div>\n\t\t<\/div>\n\t\t\t\t\t<\/div>\n\t\t<\/section>\n\t\t\t\t<section class=\"elementor-section elementor-top-section elementor-element elementor-element-6ba5260 elementor-section-boxed elementor-section-height-default elementor-section-height-default\" data-id=\"6ba5260\" data-element_type=\"section\" data-e-type=\"section\">\n\t\t\t\t\t\t<div class=\"elementor-container elementor-column-gap-custom\">\n\t\t\t\t\t<div class=\"elementor-column elementor-col-66 elementor-top-column elementor-element elementor-element-ffe814a\" data-id=\"ffe814a\" data-element_type=\"column\" data-e-type=\"column\">\n\t\t\t<div class=\"elementor-widget-wrap elementor-element-populated\">\n\t\t\t\t\t\t<div class=\"elementor-element elementor-element-5399611 elementor-widget elementor-widget-html\" data-id=\"5399611\" data-element_type=\"widget\" data-e-type=\"widget\" data-widget_type=\"html.default\">\n\t\t\t\t\t<h3>Generell kundeservice og teknisk st\u00f8tte<\/h3>\n<p style=\"margin-top: 15px;font-size: 14px;font-style: italic\">\n  Mens vi ivaretar v\u00e5re kunders behov, kan ventetiden p\u00e5 e-post v\u00e6re lenger enn vanlig. For \u00e5 gi deg en best mulig kundeopplevelse, oppfordrer vi deg til \u00e5 kontakte oss per telefon. I de fleste tilfeller er dette det raskeste og enkleste alternativet.\n<\/p>\t\t\t\t<\/div>\n\t\t\t\t\t<\/div>\n\t\t<\/div>\n\t\t\t\t<div class=\"elementor-column elementor-col-33 elementor-top-column elementor-element elementor-element-75972dc\" data-id=\"75972dc\" data-element_type=\"column\" data-e-type=\"column\">\n\t\t\t<div class=\"elementor-widget-wrap elementor-element-populated\">\n\t\t\t\t\t\t<div class=\"elementor-element elementor-element-d8ea50d elementor-widget elementor-widget-foxiz-heading\" data-id=\"d8ea50d\" data-element_type=\"widget\" data-e-type=\"widget\" data-widget_type=\"foxiz-heading.default\">\n\t\t\t\t<div class=\"elementor-widget-container\">\n\t\t\t\t\t<div id=\"uid_d8ea50d\" class=\"block-h heading-layout-12\"><div class=\"heading-inner\"><h3 class=\"heading-title\"><span>F\u00f8lg oss<\/span><\/h3><\/div><\/div>\t\t\t\t<\/div>\n\t\t\t\t<\/div>\n\t\t\t\t<div class=\"elementor-element elementor-element-dac63df elementor-widget elementor-widget-wp-widget-widget-follower\" data-id=\"dac63df\" data-element_type=\"widget\" data-e-type=\"widget\" data-widget_type=\"wp-widget-widget-follower.default\">\n\t\t\t\t<div class=\"elementor-widget-container\">\n\t\t\t\t\t<div class=\"socials-counter h6 is-style-15 is-gstyle-3 is-icon-color is-h-bg\"><div class=\"social-follower effect-fadeout\"><div class=\"follower-el fb-follower\"><a target=\"_blank\" href=\"https:\/\/facebook.com\/envato\" class=\"facebook\" aria-label=\"Facebook\" rel=\"noopener nofollow\"><\/a><span class=\"follower-inner\"><span class=\"fnicon\"><i class=\"rbi rbi-facebook\" aria-hidden=\"true\"><\/i><\/span><span class=\"fnlabel\">Facebook<\/span><span class=\"text-count\">Liker<\/span><\/span><\/div><div class=\"follower-el twitter-follower\"><a target=\"_blank\" href=\"https:\/\/twitter.com\/envato\" class=\"twitter\" aria-label=\"X\" rel=\"noopener nofollow\"><\/a><span class=\"follower-inner\"><span class=\"fnicon\"><i class=\"rbi rbi-twitter\" aria-hidden=\"true\"><\/i><\/span><span class=\"fnlabel\">X<\/span><span class=\"text-count\">F\u00f8lg<\/span><\/span><\/div><div class=\"follower-el pinterest-follower\"><a target=\"_blank\" href=\"https:\/\/pinterest.com\/envato\" class=\"pinterest\" aria-label=\"Pinterest\" rel=\"noopener nofollow\"><\/a><span class=\"follower-inner\"><span class=\"fnicon\"><i class=\"rbi rbi-pinterest\" aria-hidden=\"true\"><\/i><\/span><span class=\"fnlabel\">Pinterest<\/span><span class=\"text-count\">Fest<\/span><\/span><\/div><div class=\"follower-el instagram-follower\"><a target=\"_blank\" href=\"https:\/\/instagram.com\/envato\" class=\"instagram\" aria-label=\"Instagram\" rel=\"noopener nofollow\"><\/a><span class=\"follower-inner\"><span class=\"fnicon\"><i class=\"rbi rbi-instagram\" aria-hidden=\"true\"><\/i><\/span><span class=\"fnlabel\">Instagram<\/span><span class=\"text-count\">F\u00f8lg<\/span><\/span><\/div><\/div><\/div>\t\t\t\t<\/div>\n\t\t\t\t<\/div>\n\t\t\t\t\t<\/div>\n\t\t<\/div>\n\t\t\t\t\t<\/div>\n\t\t<\/section>\n\t\t\t\t<\/div>\n\t\t","protected":false},"excerpt":{"rendered":"<p>Kontakt Kontakt Oss Generell kundeservice og teknisk st\u00f8tte Mens vi ivaretar v\u00e5re kunders behov, kan ventetiden p\u00e5 e-post v\u00e6re lenger enn vanlig. For \u00e5 gi deg en best mulig kundeopplevelse, oppfordrer vi deg til \u00e5 kontakte oss per telefon. I de fleste tilfeller er dette det raskeste og enkleste alternativet. F\u00f8lg oss<\/p>\n","protected":false},"author":1,"featured_media":0,"parent":0,"menu_order":0,"comment_status":"closed","ping_status":"closed","template":"","meta":{"footnotes":""},"class_list":["post-1502","page","type-page","status-publish"],"_links":{"self":[{"href":"https:\/\/radiostavanger.no\/index.php?rest_route=\/wp\/v2\/pages\/1502","targetHints":{"allow":["GET"]}}],"collection":[{"href":"https:\/\/radiostavanger.no\/index.php?rest_route=\/wp\/v2\/pages"}],"about":[{"href":"https:\/\/radiostavanger.no\/index.php?rest_route=\/wp\/v2\/types\/page"}],"author":[{"embeddable":true,"href":"https:\/\/radiostavanger.no\/index.php?rest_route=\/wp\/v2\/users\/1"}],"replies":[{"embeddable":true,"href":"https:\/\/radiostavanger.no\/index.php?rest_route=%2Fwp%2Fv2%2Fcomments&post=1502"}],"version-history":[{"count":16,"href":"https:\/\/radiostavanger.no\/index.php?rest_route=\/wp\/v2\/pages\/1502\/revisions"}],"predecessor-version":[{"id":2733,"href":"https:\/\/radiostavanger.no\/index.php?rest_route=\/wp\/v2\/pages\/1502\/revisions\/2733"}],"wp:attachment":[{"href":"https:\/\/radiostavanger.no\/index.php?rest_route=%2Fwp%2Fv2%2Fmedia&parent=1502"}],"curies":[{"name":"wp","href":"https:\/\/api.w.org\/{rel}","templated":true}]}}