{"id":3,"date":"2026-03-17T08:11:08","date_gmt":"2026-03-17T08:11:08","guid":{"rendered":"https:\/\/radiostavanger.no\/?page_id=3"},"modified":"2026-04-08T10:50:53","modified_gmt":"2026-04-08T10:50:53","slug":"privacy-policy","status":"publish","type":"page","link":"https:\/\/radiostavanger.no\/?page_id=3","title":{"rendered":"Personvern-privacy-policy"},"content":{"rendered":"\t\t<div data-elementor-type=\"wp-page\" data-elementor-id=\"3\" class=\"elementor elementor-3\">\n\t\t\t\t<div class=\"elementor-element elementor-element-21e85c31 e-flex e-con-boxed e-con e-parent\" data-id=\"21e85c31\" data-element_type=\"container\" data-e-type=\"container\">\n\t\t\t\t\t<div class=\"e-con-inner\">\n\t\t\t\t<div class=\"elementor-element elementor-element-6f1850e elementor-widget elementor-widget-text-editor\" data-id=\"6f1850e\" data-element_type=\"widget\" data-e-type=\"widget\" data-widget_type=\"text-editor.default\">\n\t\t\t\t\t\t\t\t\t\n<h2 class=\"wp-block-heading\">Personvernerkl\u00e6ring (Privacy policy).<\/h2>\n\n<p><strong>Denne personvernerkl\u00e6ringen forteller om hvordan Radiostavanger samler inn og bruker personopplysninger p\u00e5 nettstedet radiostavanger.no.<\/strong><\/p>\n\n<p>Radiostavanger er\u00a0<em>behandlingsansvarlig<\/em>\u00a0for virksomhetens\u00a0<em>behandling av personopplysninger<\/em>. Erkl\u00e6ringen inneholder opplysninger du har krav p\u00e5 n\u00e5r det samles inn opplysninger fra nettstedet v\u00e5rt (personopplysningsloven \u00a7 19) og generell informasjon om hvordan vi behandler personopplysninger (personopplysningsloven \u00a7 18 1. ledd).<\/p>\n\n<p><strong>Behandling av personopplysninger p\u00e5 radiostavanger.no<\/strong><br \/>Det er frivillig for de som bes\u00f8ker nettsidene \u00e5 oppgi personopplysninger i forbindelse med tjenester. Behandlingsgrunnlaget er normalt\u00a0<em>samtykke<\/em>\u00a0fra den enkelte.<\/p>\n\n<h3 class=\"wp-block-heading\">HVILKE OPPLYSNINGER SAMLER VI INN OG HVORFOR?<\/h3>\n\n<h4 class=\"wp-block-heading\">Informasjonskapsler (cookies)<\/h4>\n\n<p>Informasjonskapsler (cookies) er sm\u00e5 tekstfiler som plasseres p\u00e5 din datamaskin n\u00e5r du laster ned en nettside. Lagring av opplysninger og behandling av disse opplysningene er ikke tillatt med mindre bruker b\u00e5de har blitt informert om og har gitt sitt\u00a0<em>samtykke<\/em>\u00a0til behandlingen. Brukeren skal f\u00e5 vite om og godkjenne hvilke opplysninger som behandles, hva form\u00e5let med behandlingen er og hvem som behandler opplysningene, jf. ekomloven \u00a7 2-7b.<\/p>\n\n<p>V\u00e5re informasjonskapsler hjelper oss til \u00e5:<\/p>\n\n<p>* Lage en nettside som fungerer godt for deg og andre brukere<br \/>* Forbedre hastigheten og sikkerheten p\u00e5 nettsiden<br \/>* La deg dele i sosiale medier<br \/>* Kontinuerlig forbedre nettsiden for deg<\/p>\n\n<p>Vi bruker\u00a0<strong>ikke<\/strong>\u00a0informasjonskapsler til \u00e5 lagre personlig, sensitiv eller identifiserende informasjon. Vi deler heller ikke data med tredjepart. Ved \u00e5 g\u00e5 inn og hente informasjon og\/eller benytte tjenester p\u00e5 v\u00e5re nettsider samtykker du i at det settes informasjonskapsler i din nettleser \u2013 i og med at de fleste nettlesere er innstilt slik at de automatisk aksepterer informasjonskapsler. Dersom du ikke vil akseptere v\u00e5r bruk av informasjonskapsler, kan du g\u00e5 inn og trekke tilbake ditt samtykke ved \u00e5 endre innstillingene i nettleseren. Vi gj\u00f8r imidlertid oppmerksom p\u00e5 at dette kan medf\u00f8re at tjenestene p\u00e5 v\u00e5re nettsider ikke fungerer optimalt.<\/p>\n\n<p><a href=\"https:\/\/nettvett.no\/slik-administrer-du-informasjonskapsler\/\">Slik administrerer du informasjonskapsler (nettvett.no)<\/a><\/p>\n\n<p><strong>Publiseringsl\u00f8sningen<\/strong><br \/>Publiseringsplattformen vi bruker, WordPress, benytter informasjonskapsler for \u00e5 lagre innstillinger for brukere som logger inn i systemet. Dersom du logger inn i WordPress settes informasjonskapsler for \u00e5 huske dine innstillinger og gjenkjenne deg neste gang du bes\u00f8ker siden. Det lagres kun informasjon om innloggede brukere i disse kapslene, og de deles ikke med tredjeparter.<\/p>\n\n<h3 class=\"wp-block-heading\">Nettstatistikk<\/h3>\n\n<p>Radiostavanger.no samler inn avidentifiserte opplysninger om bes\u00f8kende p\u00e5 radioh.no. Form\u00e5let med dette er \u00e5 utarbeide statistikk som vi bruker til \u00e5 forbedre og videreutvikle nettstedet. Eksempler p\u00e5 hva statistikken gir svar p\u00e5, er hvor mange som bes\u00f8ker ulike sider, hvor lenge bes\u00f8ket varer, hvilke nettsteder brukerne kommer fra og hvilke nettlesere som benyttes.<\/p>\n\n<p>Opplysningene behandles i avidentifisert og aggregert form. Med avidentifisert menes at vi ikke kan spore opplysningene vi samler inn tilbake til den enkelte bruker. Brukerens IP-adresse anonymiseres og behandles p\u00e5 aggregert niv\u00e5, det vil si at all data sl\u00e5s sammen til en gruppe og ikke behandles individuelt. Vi bruker analyseverkt\u00f8yet \u00abGoogle Analytics\u00bb p\u00e5 v\u00e5rt nettsted. Informasjon fra dette verkt\u00f8yet utleveres ikke fra oss til andre akt\u00f8rer.<\/p>\n\n<h3 class=\"wp-block-heading\">Deling av innlegg fra radiostavanger.no<\/h3>\n\n<p>N\u00e5r du deler innlegg, legges informasjon inn der og da hos nettsamfunnet du velger. Hvordan det aktuelle nettsamfunnet h\u00e5ndterer dataene videre, reguleres av din avtale med nettsamfunnet. Informasjon om at du har delt et innlegg lagres imidlertid ikke hos oss.<\/p>\n\n<h3 class=\"wp-block-heading\">Innebygd innhold fra andre nettsteder<\/h3>\n\n<p>Artikler p\u00e5 denne siden kan inkludere innebygd innhold (f.eks. videoer, bilder, artikler osv.). Innebygd innhold fra andre nettsteder oppf\u00f8rer seg p\u00e5 n\u00f8yaktig samme m\u00e5te som om den bes\u00f8kende hadde bes\u00f8kt nettstedet som det innebygde innholdet kommer fra.<\/p>\n\n<p>Disse nettstedene kan samle inn opplysninger om deg, bruke informasjonskapsler eller bygge inn sporingssystemer fra en tredjepart og overv\u00e5ke hva du gj\u00f8r via dette innebygde innholdet. Dette omfatter ogs\u00e5 sporing av handlingene dine via det innebygde innholdet dersom du har en konto og er logget inn p\u00e5 nettstedet.<\/p>\n\n<h3 class=\"wp-block-heading\">RETTIGHETER<\/h3>\n\n<p>Alle som henvender seg til oss, har rett p\u00e5 grunnleggende informasjon om behandlinger av personopplysninger i en virksomhet etter personopplysningslovens \u00a7 18, 1. ledd. Radiostavanger har gitt denne informasjonen i denne personvernerkl\u00e6ringen. Vedkommende har ogs\u00e5 rett til \u00e5 be om at data blir slettet, eller at feilaktige opplysninger blir rettet.<\/p>\n\t\t\t\t\t\t\t\t<\/div>\n\t\t\t\t\t<\/div>\n\t\t\t\t<\/div>\n\t\t\t\t<\/div>\n\t\t","protected":false},"excerpt":{"rendered":"<p>Personvernerkl\u00e6ring (Privacy policy). Denne personvernerkl\u00e6ringen forteller om hvordan Radiostavanger samler inn og bruker personopplysninger p\u00e5 nettstedet radiostavanger.no. Radiostavanger er\u00a0behandlingsansvarlig\u00a0for virksomhetens\u00a0behandling av personopplysninger. Erkl\u00e6ringen inneholder opplysninger du har krav p\u00e5 n\u00e5r det samles inn opplysninger fra nettstedet v\u00e5rt (personopplysningsloven \u00a7 19) og generell informasjon om hvordan vi behandler personopplysninger (personopplysningsloven \u00a7 18 1. ledd). Behandling av [&hellip;]<\/p>\n","protected":false},"author":1,"featured_media":0,"parent":0,"menu_order":0,"comment_status":"closed","ping_status":"closed","template":"","meta":{"footnotes":""},"class_list":["post-3","page","type-page","status-publish"],"_links":{"self":[{"href":"https:\/\/radiostavanger.no\/index.php?rest_route=\/wp\/v2\/pages\/3","targetHints":{"allow":["GET"]}}],"collection":[{"href":"https:\/\/radiostavanger.no\/index.php?rest_route=\/wp\/v2\/pages"}],"about":[{"href":"https:\/\/radiostavanger.no\/index.php?rest_route=\/wp\/v2\/types\/page"}],"author":[{"embeddable":true,"href":"https:\/\/radiostavanger.no\/index.php?rest_route=\/wp\/v2\/users\/1"}],"replies":[{"embeddable":true,"href":"https:\/\/radiostavanger.no\/index.php?rest_route=%2Fwp%2Fv2%2Fcomments&post=3"}],"version-history":[{"count":12,"href":"https:\/\/radiostavanger.no\/index.php?rest_route=\/wp\/v2\/pages\/3\/revisions"}],"predecessor-version":[{"id":5244,"href":"https:\/\/radiostavanger.no\/index.php?rest_route=\/wp\/v2\/pages\/3\/revisions\/5244"}],"wp:attachment":[{"href":"https:\/\/radiostavanger.no\/index.php?rest_route=%2Fwp%2Fv2%2Fmedia&parent=3"}],"curies":[{"name":"wp","href":"https:\/\/api.w.org\/{rel}","templated":true}]}}